{"id":567,"date":"2021-03-19T16:09:44","date_gmt":"2021-03-19T16:09:44","guid":{"rendered":"https:\/\/bioplanmp.de\/?page_id=567"},"modified":"2021-03-21T10:17:11","modified_gmt":"2021-03-21T10:17:11","slug":"impressum","status":"publish","type":"page","link":"https:\/\/bioplanmp.de\/?page_id=567","title":{"rendered":"Impressum"},"content":{"rendered":"\n<h5>Angaben gem\u00e4\u00df \u00a7 5 TMG:<\/h5>\n\n\n\n<p>Andreas Kakuk<br>Bioplan M+P<br>Brunnenstrasse 5<br>68794 Oberhausen-Rheinhausen<\/p>\n\n\n\n<h5>Kontakt:<\/h5>\n\n\n\n<p>Telefon: 07254-957000 | Telefax: 07254-956945<br>E-Mail:&nbsp;webmaster(at)bioplanmp.de<\/p>\n\n\n\n<h5>Verantwortlich f\u00fcr den Inhalt nach \u00a7 55 Abs. 2 RStV:<\/h5>\n\n\n\n<p>Andreas Kakuk<br>Brunnenstrasse 5<br>68794 Oberhausen-Rheinhausen<\/p>\n\n\n\n<p>Wir sind nicht bereit oder verpflichtet, an Streitbeilegungsverfahren vor einer&nbsp;Verbraucherschlichtungsstelle teilzunehmen.<\/p>\n\n\n\n<h5>Haftung f\u00fcr Inhalte<\/h5>\n\n\n\n<p>Als Diensteanbieter sind wir gem\u00e4\u00df \u00a7 7 Abs.1 TMG f\u00fcr eigene Inhalte auf diesen Seiten nach den&nbsp;allgemeinen Gesetzen verantwortlich. Nach \u00a7\u00a7 8 bis 10 TMG sind wir als Diensteanbieter jedoch nicht&nbsp;verpflichtet, \u00fcbermittelte oder gespeicherte fremde Informationen zu \u00fcberwachen oder nach Umst\u00e4nden&nbsp;zu forschen, die auf eine rechtswidrige T\u00e4tigkeit hinweisen.&nbsp;Verpflichtungen zur Entfernung oder Sperrung der Nutzung von Informationen nach den allgemeinen&nbsp;Gesetzen bleiben hiervon unber\u00fchrt. Eine diesbez\u00fcgliche Haftung ist jedoch erst ab dem Zeitpunkt der&nbsp;Kenntnis einer konkreten Rechtsverletzung m\u00f6glich. Bei Bekanntwerden von entsprechenden&nbsp;Rechtsverletzungen werden wir diese Inhalte umgehend entfernen.<\/p>\n\n\n\n<h5>Haftung f\u00fcr Links<\/h5>\n\n\n\n<p>Unser Angebot enth\u00e4lt Links zu externen Webseiten Dritter, auf deren Inhalte wir keinen Einfluss haben.&nbsp;Deshalb k\u00f6nnen wir f\u00fcr diese fremden Inhalte auch keine Gew\u00e4hr \u00fcbernehmen. F\u00fcr die Inhalte der&nbsp;verlinkten Seiten ist stets der jeweilige Anbieter oder Betreiber der Seiten verantwortlich. Die verlinkten&nbsp;Seiten wurden zum Zeitpunkt der Verlinkung auf m\u00f6gliche Rechtsverst\u00f6\u00dfe \u00fcberpr\u00fcft. Rechtswidrige&nbsp;Inhalte waren zum Zeitpunkt der Verlinkung nicht erkennbar.&nbsp;Eine permanente inhaltliche Kontrolle der verlinkten Seiten ist jedoch ohne konkrete Anhaltspunkte einer&nbsp;Rechtsverletzung nicht zumutbar. Bei Bekanntwerden von Rechtsverletzungen werden wir derartige Links&nbsp;umgehend entfernen.<\/p>\n\n\n\n<h5>Urheberrecht<\/h5>\n\n\n\n<p>Die durch die Seitenbetreiber erstellten Inhalte und Werke auf diesen Seiten unterliegen dem deutschen&nbsp;Urheberrecht. Die Vervielf\u00e4ltigung, Bearbeitung, Verbreitung und jede Art der Verwertung au\u00dferhalb der&nbsp;Grenzen des Urheberrechtes bed\u00fcrfen der schriftlichen Zustimmung des jeweiligen Autors bzw.&nbsp;Erstellers. Downloads und Kopien dieser Seite sind nur f\u00fcr den privaten, nicht kommerziellen Gebrauch&nbsp;gestattet.&nbsp;Soweit die Inhalte auf dieser Seite nicht vom Betreiber erstellt wurden, werden die Urheberrechte Dritter&nbsp;beachtet. Insbesondere werden Inhalte Dritter als solche gekennzeichnet. Sollten Sie trotzdem auf eine&nbsp;Urheberrechtsverletzung aufmerksam werden, bitten wir um einen entsprechenden Hinweis. Bei&nbsp;Bekanntwerden von Rechtsverletzungen werden wir derartige Inhalte umgehend entfernen.<\/p>\n\n\n\n<p>Quelle:&nbsp;https:\/\/www.e-recht24.de<\/p>\n","protected":false},"excerpt":{"rendered":"<p>Angaben gem\u00e4\u00df \u00a7 5 TMG: Andreas KakukBioplan M+PBrunnenstrasse 568794 Oberhausen-Rheinhausen Kontakt: Telefon: 07254-957000 | Telefax: 07254-956945E-Mail:&nbsp;webmaster(at)bioplanmp.de Verantwortlich f\u00fcr den Inhalt nach \u00a7 55 Abs. 2 RStV: Andreas KakukBrunnenstrasse 568794 Oberhausen-Rheinhausen Wir sind nicht bereit oder verpflichtet, an Streitbeilegungsverfahren vor einer&nbsp;Verbraucherschlichtungsstelle teilzunehmen. Haftung f\u00fcr Inhalte Als Diensteanbieter sind wir gem\u00e4\u00df \u00a7 7 Abs.1 TMG f\u00fcr eigene [&hellip;]<\/p>\n","protected":false},"author":1,"featured_media":0,"parent":0,"menu_order":0,"comment_status":"closed","ping_status":"closed","template":"","meta":[],"_links":{"self":[{"href":"https:\/\/bioplanmp.de\/index.php?rest_route=\/wp\/v2\/pages\/567"}],"collection":[{"href":"https:\/\/bioplanmp.de\/index.php?rest_route=\/wp\/v2\/pages"}],"about":[{"href":"https:\/\/bioplanmp.de\/index.php?rest_route=\/wp\/v2\/types\/page"}],"author":[{"embeddable":true,"href":"https:\/\/bioplanmp.de\/index.php?rest_route=\/wp\/v2\/users\/1"}],"replies":[{"embeddable":true,"href":"https:\/\/bioplanmp.de\/index.php?rest_route=%2Fwp%2Fv2%2Fcomments&post=567"}],"version-history":[{"count":3,"href":"https:\/\/bioplanmp.de\/index.php?rest_route=\/wp\/v2\/pages\/567\/revisions"}],"predecessor-version":[{"id":609,"href":"https:\/\/bioplanmp.de\/index.php?rest_route=\/wp\/v2\/pages\/567\/revisions\/609"}],"wp:attachment":[{"href":"https:\/\/bioplanmp.de\/index.php?rest_route=%2Fwp%2Fv2%2Fmedia&parent=567"}],"curies":[{"name":"wp","href":"https:\/\/api.w.org\/{rel}","templated":true}]}}